{"id":1421,"date":"2024-01-26T17:34:01","date_gmt":"2024-01-26T16:34:01","guid":{"rendered":"https:\/\/www.hisaevent.at\/?page_id=1421"},"modified":"2024-01-26T17:47:04","modified_gmt":"2024-01-26T16:47:04","slug":"impressum","status":"publish","type":"page","link":"https:\/\/www.hisaevent.at\/en\/impressum\/","title":{"rendered":"Impressum"},"content":{"rendered":"<div data-elementor-type=\"wp-page\" data-elementor-id=\"1421\" class=\"elementor elementor-1421\">\n\t\t\t\t\t\t<section class=\"elementor-section elementor-top-section elementor-element elementor-element-7b6babf1 elementor-section-boxed elementor-section-height-default elementor-section-height-default\" data-id=\"7b6babf1\" data-element_type=\"section\">\n\t\t\t\t\t\t<div class=\"elementor-container elementor-column-gap-default\">\n\t\t\t\t\t<div class=\"elementor-column elementor-col-100 elementor-top-column elementor-element elementor-element-685ba82a\" data-id=\"685ba82a\" data-element_type=\"column\">\n\t\t\t<div class=\"elementor-widget-wrap elementor-element-populated\">\n\t\t\t\t\t\t<div class=\"elementor-element elementor-element-6dc8c61c elementor-widget elementor-widget-text-editor\" data-id=\"6dc8c61c\" data-element_type=\"widget\" data-widget_type=\"text-editor.default\">\n\t\t\t\t<div class=\"elementor-widget-container\">\n\t\t\t\t\t\t\t\t\t<div><div data-message-author-role=\"assistant\" data-message-id=\"90310b7c-695f-43bb-8248-9e6374f4ef7f\"><div><p>Hisa Event e.U.<\/p><p>Inhaber Sabahattin Bulak<\/p><p>Eingetragenes Einzelunternehmen<\/p><p>Organisation von Veranstaltungen, M\u00e4rkten und Messen<\/p><p>UID-Nr: ATU74237701<\/p><p>FN: FN 511027 k<\/p><p>FB-Gericht: Wien<\/p><p>Sitz: Wurzbachgasse 2-8\/1\/10 , 1150 Wien, \u00d6sterreich<\/p><p>Tel: +43 660 5085805<\/p><p>E-Mail: s.bulak<a target=\"_new\">@www.hisaevent.at<\/a><\/p><p>Mitglied der WK\u00d6<\/p><p>Berufsrecht: Gewerbeordnung: <a target=\"_new\">www.ris.bka.gv.at<\/a><\/p><p>Bezirkshauptmannschaft Wien<\/p><p>Verbraucher haben die M\u00f6glichkeit, Beschwerden an die Online-Streitbeilegungsplattform der EU zu richten: <a target=\"_new\">http:\/\/ec.europa.eu\/odr<\/a>. Sie k\u00f6nnen auch an die oben angegebene E-Mail-Adresse richten.<\/p><\/div><\/div><\/div><p><script src=\"moz-extension:\/\/f498926e-b6e4-489c-b8fd-8be6ba8fc3f5\/js\/app.js\" type=\"text\/javascript\"><\/script><\/p><p><script src=\"moz-extension:\/\/f498926e-b6e4-489c-b8fd-8be6ba8fc3f5\/js\/app.js\" type=\"text\/javascript\"><\/script><\/p><p><script src=\"moz-extension:\/\/f498926e-b6e4-489c-b8fd-8be6ba8fc3f5\/js\/app.js\" type=\"text\/javascript\"><\/script><\/p><p><script src=\"moz-extension:\/\/f498926e-b6e4-489c-b8fd-8be6ba8fc3f5\/js\/app.js\" type=\"text\/javascript\"><\/script><\/p>\t\t\t\t\t\t\t\t<\/div>\n\t\t\t\t<\/div>\n\t\t\t\t\t<\/div>\n\t\t<\/div>\n\t\t\t\t\t<\/div>\n\t\t<\/section>\n\t\t\t\t<\/div>","protected":false},"excerpt":{"rendered":"<p>Hisa Event e.U. Inhaber Sabahattin Bulak Eingetragenes Einzelunternehmen Organisation von Veranstaltungen, M\u00e4rkten und Messen UID-Nr: ATU74237701 FN: FN 511027 k FB-Gericht: Wien Sitz: Wurzbachgasse 2-8\/1\/10 , 1150 Wien, \u00d6sterreich Tel: +43 660 5085805 E-Mail: s.bulak@www.hisaevent.at Mitglied der WK\u00d6 Berufsrecht: Gewerbeordnung: www.ris.bka.gv.at Bezirkshauptmannschaft Wien Verbraucher haben die M\u00f6glichkeit, Beschwerden an die Online-Streitbeilegungsplattform der EU zu richten: [&hellip;]<\/p>","protected":false},"author":2,"featured_media":0,"parent":0,"menu_order":0,"comment_status":"closed","ping_status":"closed","template":"","meta":{"site-sidebar-layout":"default","site-content-layout":"","ast-site-content-layout":"","site-content-style":"default","site-sidebar-style":"default","ast-global-header-display":"","ast-banner-title-visibility":"","ast-main-header-display":"","ast-hfb-above-header-display":"","ast-hfb-below-header-display":"","ast-hfb-mobile-header-display":"","site-post-title":"","ast-breadcrumbs-content":"","ast-featured-img":"","footer-sml-layout":"","theme-transparent-header-meta":"","adv-header-id-meta":"","stick-header-meta":"","header-above-stick-meta":"","header-main-stick-meta":"","header-below-stick-meta":"","astra-migrate-meta-layouts":"default","ast-page-background-enabled":"default","ast-page-background-meta":{"desktop":{"background-color":"","background-image":"","background-repeat":"repeat","background-position":"center center","background-size":"auto","background-attachment":"scroll","background-type":"","background-media":"","overlay-type":"","overlay-color":"","overlay-opacity":"","overlay-gradient":""},"tablet":{"background-color":"","background-image":"","background-repeat":"repeat","background-position":"center center","background-size":"auto","background-attachment":"scroll","background-type":"","background-media":"","overlay-type":"","overlay-color":"","overlay-opacity":"","overlay-gradient":""},"mobile":{"background-color":"","background-image":"","background-repeat":"repeat","background-position":"center center","background-size":"auto","background-attachment":"scroll","background-type":"","background-media":"","overlay-type":"","overlay-color":"","overlay-opacity":"","overlay-gradient":""}},"ast-content-background-meta":{"desktop":{"background-color":"var(--ast-global-color-5)","background-image":"","background-repeat":"repeat","background-position":"center center","background-size":"auto","background-attachment":"scroll","background-type":"","background-media":"","overlay-type":"","overlay-color":"","overlay-opacity":"","overlay-gradient":""},"tablet":{"background-color":"var(--ast-global-color-5)","background-image":"","background-repeat":"repeat","background-position":"center center","background-size":"auto","background-attachment":"scroll","background-type":"","background-media":"","overlay-type":"","overlay-color":"","overlay-opacity":"","overlay-gradient":""},"mobile":{"background-color":"var(--ast-global-color-5)","background-image":"","background-repeat":"repeat","background-position":"center center","background-size":"auto","background-attachment":"scroll","background-type":"","background-media":"","overlay-type":"","overlay-color":"","overlay-opacity":"","overlay-gradient":""}},"footnotes":""},"class_list":["post-1421","page","type-page","status-publish","hentry"],"_links":{"self":[{"href":"https:\/\/www.hisaevent.at\/en\/wp-json\/wp\/v2\/pages\/1421","targetHints":{"allow":["GET"]}}],"collection":[{"href":"https:\/\/www.hisaevent.at\/en\/wp-json\/wp\/v2\/pages"}],"about":[{"href":"https:\/\/www.hisaevent.at\/en\/wp-json\/wp\/v2\/types\/page"}],"author":[{"embeddable":true,"href":"https:\/\/www.hisaevent.at\/en\/wp-json\/wp\/v2\/users\/2"}],"replies":[{"embeddable":true,"href":"https:\/\/www.hisaevent.at\/en\/wp-json\/wp\/v2\/comments?post=1421"}],"version-history":[{"count":13,"href":"https:\/\/www.hisaevent.at\/en\/wp-json\/wp\/v2\/pages\/1421\/revisions"}],"predecessor-version":[{"id":1438,"href":"https:\/\/www.hisaevent.at\/en\/wp-json\/wp\/v2\/pages\/1421\/revisions\/1438"}],"wp:attachment":[{"href":"https:\/\/www.hisaevent.at\/en\/wp-json\/wp\/v2\/media?parent=1421"}],"curies":[{"name":"wp","href":"https:\/\/api.w.org\/{rel}","templated":true}]}}